{"id":548,"date":"2022-03-01T07:21:14","date_gmt":"2022-03-01T07:21:14","guid":{"rendered":"http:\/\/vloo.me\/?page_id=548"},"modified":"2023-11-15T22:43:23","modified_gmt":"2023-11-15T22:43:23","slug":"bio","status":"publish","type":"page","link":"https:\/\/vloo.me\/?page_id=548","title":{"rendered":"Bio"},"content":{"rendered":"\n<div class=\"wp-block-uagb-container uagb-block-521a0154 alignfull uagb-is-root-container\"><div class=\"uagb-container-inner-blocks-wrap\">\n<div class=\"wp-block-uagb-container uagb-block-fb815786\">\n<figure class=\"wp-block-image size-large is-style-rounded\"><img decoding=\"async\" src=\"https:\/\/vloo.me\/wp-content\/uploads\/2022\/09\/Florian_taufe-edited-1.jpg\" alt=\"\" style=\"object-fit:cover\"\/><\/figure>\n<\/div>\n\n\n\n<div class=\"wp-block-uagb-container uagb-block-ff72c039\">\n<div class=\"wp-block-uagb-advanced-heading uagb-block-c280663a\">\n<h2 class=\"uagb-heading-text\">Meine Geschichte\u200b<\/h2>\n<p>Florian Ott, Jahrgang 1978, studierte Wirtschaftsp\u00e4dagogik in Wien und war studienbegleitend am Aufbau eines Internet Start-ups beteiligt. Die Freude am Schreiben wurde beim Verfassen der Diplomarbeit im Bereich Wissensmanagement erstmals entdeckt. Bei der Arbeit als Entwicklungshelfer in Indien und der beruflichen T\u00e4tigkeit in den USA waren Weblogeintr\u00e4ge t\u00e4gliche Routine.<\/p>\n<p>Danach lie\u00df der berufliche Alltag im Consultingbereich und verschiedene Experten- und Managementfunktionen im Bankenumfeld kaum mehr Zeit zum Schreiben. Mit der Geburt seiner Tochter hat sich aber wieder vieles ge\u00e4ndert.<\/p>\n<\/div>\n<\/div>\n<\/div><\/div>\n","protected":false},"excerpt":{"rendered":"","protected":false},"author":1,"featured_media":0,"parent":0,"menu_order":0,"comment_status":"closed","ping_status":"closed","template":"","meta":{"om_disable_all_campaigns":false,"_monsterinsights_skip_tracking":false,"_monsterinsights_sitenote_active":false,"_monsterinsights_sitenote_note":"","_monsterinsights_sitenote_category":0,"footnotes":""},"aioseo_notices":[],"uagb_featured_image_src":{"full":false,"thumbnail":false,"medium":false,"medium_large":false,"large":false,"1536x1536":false,"2048x2048":false},"uagb_author_info":{"display_name":"florian.ott@gmail.com","author_link":"https:\/\/vloo.me\/?author=1"},"uagb_comment_info":0,"uagb_excerpt":null,"_links":{"self":[{"href":"https:\/\/vloo.me\/index.php?rest_route=\/wp\/v2\/pages\/548"}],"collection":[{"href":"https:\/\/vloo.me\/index.php?rest_route=\/wp\/v2\/pages"}],"about":[{"href":"https:\/\/vloo.me\/index.php?rest_route=\/wp\/v2\/types\/page"}],"author":[{"embeddable":true,"href":"https:\/\/vloo.me\/index.php?rest_route=\/wp\/v2\/users\/1"}],"replies":[{"embeddable":true,"href":"https:\/\/vloo.me\/index.php?rest_route=%2Fwp%2Fv2%2Fcomments&post=548"}],"version-history":[{"count":3,"href":"https:\/\/vloo.me\/index.php?rest_route=\/wp\/v2\/pages\/548\/revisions"}],"predecessor-version":[{"id":1096,"href":"https:\/\/vloo.me\/index.php?rest_route=\/wp\/v2\/pages\/548\/revisions\/1096"}],"wp:attachment":[{"href":"https:\/\/vloo.me\/index.php?rest_route=%2Fwp%2Fv2%2Fmedia&parent=548"}],"curies":[{"name":"wp","href":"https:\/\/api.w.org\/{rel}","templated":true}]}}