{"id":1060,"date":"2023-11-11T00:02:44","date_gmt":"2023-11-11T00:02:44","guid":{"rendered":"https:\/\/vloo.me\/?page_id=1060"},"modified":"2024-02-25T00:41:25","modified_gmt":"2024-02-25T00:41:25","slug":"deep-fake","status":"publish","type":"page","link":"https:\/\/vloo.me\/?page_id=1060","title":{"rendered":"Deep Fake"},"content":{"rendered":"\n<div class=\"wp-block-uagb-container uagb-block-d42342b0 alignfull uagb-is-root-container\"><div class=\"uagb-container-inner-blocks-wrap\">\n<h2 class=\"wp-block-heading\">Books<\/h2>\n<\/div><\/div>\n\n\n\n<div class=\"wp-block-uagb-container uagb-block-90e3b3b8 alignfull uagb-is-root-container\"><div class=\"uagb-container-inner-blocks-wrap\">\n<div class=\"wp-block-uagb-container uagb-block-4da65f86\">\n<figure class=\"wp-block-image size-large\"><img loading=\"lazy\" decoding=\"async\" width=\"640\" height=\"1024\" src=\"https:\/\/vloo.me\/wp-content\/uploads\/2024\/02\/Deep-Fake_eBook-640x1024.jpg\" alt=\"\" class=\"wp-image-1128\" srcset=\"https:\/\/vloo.me\/wp-content\/uploads\/2024\/02\/Deep-Fake_eBook-640x1024.jpg 640w, https:\/\/vloo.me\/wp-content\/uploads\/2024\/02\/Deep-Fake_eBook-188x300.jpg 188w, https:\/\/vloo.me\/wp-content\/uploads\/2024\/02\/Deep-Fake_eBook-768x1229.jpg 768w, https:\/\/vloo.me\/wp-content\/uploads\/2024\/02\/Deep-Fake_eBook-960x1536.jpg 960w, https:\/\/vloo.me\/wp-content\/uploads\/2024\/02\/Deep-Fake_eBook-1280x2048.jpg 1280w, https:\/\/vloo.me\/wp-content\/uploads\/2024\/02\/Deep-Fake_eBook.jpg 1600w\" sizes=\"(max-width: 640px) 100vw, 640px\" \/><\/figure>\n<\/div>\n\n\n\n<div class=\"wp-block-uagb-container uagb-block-d15c94e6\">\n<div class=\"wp-block-uagb-info-box uagb-block-07b8e570 uagb-infobox__content-wrap  uagb-infobox-icon-above-title uagb-infobox-image-valign-top\"><div class=\"uagb-ifb-content\"><div class=\"uagb-ifb-title-wrap\"><span class=\"uagb-ifb-title-prefix\">THRILLER<\/span><h2 class=\"uagb-ifb-title\">DEEP FAKE<br>Wahrheit ist eine Illusion<\/h2><\/div><p class=\"uagb-ifb-desc\">In einer Welt, in der die Grenzen zwischen Realit\u00e4t und Fiktion immer mehr verschwimmen, suchen zwei junge Menschen in verschiedenen Zeitaltern nach ihrer Wahrheit.<br><br>Elias erlebt in einer nahen Zukunft den Zusammenbruch der bestehenden Weltordnung, ausgel\u00f6st durch einen Deep Fake, der die Welt ins Wanken bringt.<br><br>In einer fernen Zukunft, in der Deep Fakes nicht mehr von der Realit\u00e4t zu unterscheiden sind, hat sich die Menschheit in voneinander unabh\u00e4ngige Abschnitte isoliert. Hier findet der junge BRAT die Gedankenaufzeichnungen von Elias. Er f\u00fchlt sich mit den Erlebnissen verbunden, denn auch in seiner Welt bahnen sich Umw\u00e4lzungen an.<br><br>Elias und BRAT werden Zeugen, wie ihr bisher gekanntes Leben langsam, aber stetig auseinanderbricht. Unabh\u00e4ngig voneinander erkennen sie, dass es Ver\u00e4nderung und Mut braucht, um sich den Gefahren entgegenzustellen. Gelingen es ihnen, die Menschheit zu retten?<\/p><\/div><\/div>\n\n\n\n<div class=\"wp-block-uagb-buttons uagb-buttons__outer-wrap uagb-btn__default-btn uagb-btn-tablet__default-btn uagb-btn-mobile__default-btn uagb-block-23929545\"><div class=\"uagb-buttons__wrap uagb-buttons-layout-wrap\">\n<div class=\"wp-block-uagb-buttons-child uagb-buttons__outer-wrap uagb-block-74627d65 wp-block-button is-style-outline\" id=\"https:\/\/www.amazon.de\"><div class=\"uagb-button__wrapper\"><a class=\"uagb-buttons-repeater wp-block-button__link has-background has-text-color\" href=\"https:\/\/amzn.eu\/d\/hFDGbGA\" rel=\"follow noopener\" target=\"_self\"><span class=\"uagb-button__icon uagb-button__icon-position-before\"><svg xmlns=\"https:\/\/www.w3.org\/2000\/svg\" viewBox=\"0 0 448 512\"><path d=\"M257.2 162.7c-48.7 1.8-169.5 15.5-169.5 117.5 0 109.5 138.3 114 183.5 43.2 6.5 10.2 35.4 37.5 45.3 46.8l56.8-56S341 288.9 341 261.4V114.3C341 89 316.5 32 228.7 32 140.7 32 94 87 94 136.3l73.5 6.8c16.3-49.5 54.2-49.5 54.2-49.5 40.7-.1 35.5 29.8 35.5 69.1zm0 86.8c0 80-84.2 68-84.2 17.2 0-47.2 50.5-56.7 84.2-57.8v40.6zm136 163.5c-7.7 10-70 67-174.5 67S34.2 408.5 9.7 379c-6.8-7.7 1-11.3 5.5-8.3C88.5 415.2 203 488.5 387.7 401c7.5-3.7 13.3 2 5.5 12zm39.8 2.2c-6.5 15.8-16 26.8-21.2 31-5.5 4.5-9.5 2.7-6.5-3.8s19.3-46.5 12.7-55c-6.5-8.3-37-4.3-48-3.2-10.8 1-13 2-14-.3-2.3-5.7 21.7-15.5 37.5-17.5 15.7-1.8 41-.8 46 5.7 3.7 5.1 0 27.1-6.5 43.1z\"><\/path><\/svg><\/span><div class=\"uagb-button__link\">READ ON KINDLE<\/div><\/a><\/div><\/div>\n\n\n\n<div class=\"wp-block-uagb-buttons-child uagb-buttons__outer-wrap uagb-block-d274e80c wp-block-button is-style-outline\" id=\"https:\/\/www.amazon.de\"><div class=\"uagb-button__wrapper\"><a class=\"uagb-buttons-repeater wp-block-button__link has-background has-text-color\" href=\"https:\/\/amzn.eu\/d\/hFDGbGA\" rel=\"follow noopener\" target=\"_self\"><span class=\"uagb-button__icon uagb-button__icon-position-before\"><svg xmlns=\"https:\/\/www.w3.org\/2000\/svg\" viewBox=\"0 0 448 512\"><path d=\"M257.2 162.7c-48.7 1.8-169.5 15.5-169.5 117.5 0 109.5 138.3 114 183.5 43.2 6.5 10.2 35.4 37.5 45.3 46.8l56.8-56S341 288.9 341 261.4V114.3C341 89 316.5 32 228.7 32 140.7 32 94 87 94 136.3l73.5 6.8c16.3-49.5 54.2-49.5 54.2-49.5 40.7-.1 35.5 29.8 35.5 69.1zm0 86.8c0 80-84.2 68-84.2 17.2 0-47.2 50.5-56.7 84.2-57.8v40.6zm136 163.5c-7.7 10-70 67-174.5 67S34.2 408.5 9.7 379c-6.8-7.7 1-11.3 5.5-8.3C88.5 415.2 203 488.5 387.7 401c7.5-3.7 13.3 2 5.5 12zm39.8 2.2c-6.5 15.8-16 26.8-21.2 31-5.5 4.5-9.5 2.7-6.5-3.8s19.3-46.5 12.7-55c-6.5-8.3-37-4.3-48-3.2-10.8 1-13 2-14-.3-2.3-5.7 21.7-15.5 37.5-17.5 15.7-1.8 41-.8 46 5.7 3.7 5.1 0 27.1-6.5 43.1z\"><\/path><\/svg><\/span><div class=\"uagb-button__link\">TASCHENBUCH<\/div><\/a><\/div><\/div>\n\n\n\n<div class=\"wp-block-uagb-buttons-child uagb-buttons__outer-wrap uagb-block-da9ef23f wp-block-button is-style-outline\"><div class=\"uagb-button__wrapper\"><a class=\"uagb-buttons-repeater wp-block-button__link\" href=\"https:\/\/www.thalia.de\/shop\/home\/artikeldetails\/A1070265567\" rel=\"follow noopener\" target=\"_self\"><span class=\"uagb-button__icon uagb-button__icon-position-before\"><svg xmlns=\"https:\/\/www.w3.org\/2000\/svg\" viewBox=\"0 0 448 512\"><path d=\"M448 336v-288C448 21.49 426.5 0 400 0H96C42.98 0 0 42.98 0 96v320c0 53.02 42.98 96 96 96h320c17.67 0 32-14.33 32-31.1c0-11.72-6.607-21.52-16-27.1v-81.36C441.8 362.8 448 350.2 448 336zM143.1 128h192C344.8 128 352 135.2 352 144C352 152.8 344.8 160 336 160H143.1C135.2 160 128 152.8 128 144C128 135.2 135.2 128 143.1 128zM143.1 192h192C344.8 192 352 199.2 352 208C352 216.8 344.8 224 336 224H143.1C135.2 224 128 216.8 128 208C128 199.2 135.2 192 143.1 192zM384 448H96c-17.67 0-32-14.33-32-32c0-17.67 14.33-32 32-32h288V448z\"><\/path><\/svg><\/span><div class=\"uagb-button__link\">GEBUNDENES BUCH<\/div><\/a><\/div><\/div>\n<\/div><\/div>\n<\/div>\n<\/div><\/div>\n\n\n\n<div class=\"wp-block-uagb-container uagb-block-cc8b4830 alignfull uagb-is-root-container\"><div class=\"uagb-container-inner-blocks-wrap\">\n<div class=\"wp-block-uagb-container uagb-block-f7510fa2\">\n<figure class=\"wp-block-pullquote\"><blockquote><p><em>\u201eEine klare Leseempfehlung f\u00fcr alle, die technisch interessiert sind und dystopische Geschichten m\u00f6gen.\u201c<\/em><\/p><\/blockquote><\/figure>\n<\/div>\n\n\n\n<div class=\"wp-block-uagb-container uagb-block-ad222125\">\n<figure class=\"wp-block-pullquote\"><blockquote><p><em>\u201eEin fesselndes Gedankenspiel \u00fcber die Macht des Internets, totale \u00dcberwachung und die Verwundbarkeit unserer vernetzten Welt.\u201c<\/em><\/p><\/blockquote><\/figure>\n<\/div>\n\n\n\n<div class=\"wp-block-uagb-container uagb-block-dc5a3581\">\n<figure class=\"wp-block-pullquote\"><blockquote><p><em>\u201eSpannende Zeitreise zwischen zwei Ebenen, die in einem unvorhersehbaren Ende gipfelt.\u201c<\/em><\/p><\/blockquote><\/figure>\n<\/div>\n<\/div><\/div>\n\n\n\n<div class=\"wp-block-columns is-layout-flex wp-container-core-columns-layout-1 wp-block-columns-is-layout-flex\" style=\"padding-top:0;padding-right:var(--wp--preset--spacing--30);padding-bottom:0;padding-left:var(--wp--preset--spacing--30)\">\n<div class=\"wp-block-column is-layout-flow wp-block-column-is-layout-flow\">\n<figure class=\"wp-block-image aligncenter size-medium is-style-default\"><a href=\"https:\/\/vloo.me\/?attachment_id=976\"><img loading=\"lazy\" decoding=\"async\" width=\"188\" height=\"300\" src=\"https:\/\/vloo.me\/wp-content\/uploads\/2022\/09\/1-188x300.jpg\" alt=\"Papabatical\" class=\"wp-image-976\" srcset=\"https:\/\/vloo.me\/wp-content\/uploads\/2022\/09\/1-188x300.jpg 188w, https:\/\/vloo.me\/wp-content\/uploads\/2022\/09\/1-642x1024.jpg 642w, https:\/\/vloo.me\/wp-content\/uploads\/2022\/09\/1-768x1226.jpg 768w, https:\/\/vloo.me\/wp-content\/uploads\/2022\/09\/1-963x1536.jpg 963w, https:\/\/vloo.me\/wp-content\/uploads\/2022\/09\/1-1283x2048.jpg 1283w, https:\/\/vloo.me\/wp-content\/uploads\/2022\/09\/1.jpg 1410w\" sizes=\"(max-width: 188px) 100vw, 188px\" \/><\/a><\/figure>\n<\/div>\n\n\n\n<div class=\"wp-block-column is-layout-flow wp-block-column-is-layout-flow\">\n<figure data-wp-context=\"{ &quot;core&quot;:\n\t\t\t\t{ &quot;image&quot;:\n\t\t\t\t\t{   &quot;imageLoaded&quot;: false,\n\t\t\t\t\t\t&quot;initialized&quot;: false,\n\t\t\t\t\t\t&quot;lightboxEnabled&quot;: false,\n\t\t\t\t\t\t&quot;hideAnimationEnabled&quot;: false,\n\t\t\t\t\t\t&quot;preloadInitialized&quot;: false,\n\t\t\t\t\t\t&quot;lightboxAnimation&quot;: &quot;zoom&quot;,\n\t\t\t\t\t\t&quot;imageUploadedSrc&quot;: &quot;https:\/\/vloo.me\/wp-content\/uploads\/2023\/11\/Kindle-Cover-FINAL-KDP-SMALL-Cover-Deep-Fake-1600-x-2560-px-2.jpg&quot;,\n\t\t\t\t\t\t&quot;imageCurrentSrc&quot;: &quot;&quot;,\n\t\t\t\t\t\t&quot;targetWidth&quot;: &quot;1600&quot;,\n\t\t\t\t\t\t&quot;targetHeight&quot;: &quot;2560&quot;,\n\t\t\t\t\t\t&quot;scaleAttr&quot;: &quot;&quot;,\n\t\t\t\t\t\t&quot;dialogLabel&quot;: &quot;Vergr\u00f6\u00dfertes Bild&quot;\n\t\t\t\t\t}\n\t\t\t\t}\n\t\t\t}\" data-wp-interactive class=\"wp-block-image aligncenter size-medium is-style-default wp-lightbox-container\"><img loading=\"lazy\" decoding=\"async\" width=\"188\" height=\"300\" data-wp-effect--setStylesOnResize=\"effects.core.image.setStylesOnResize\" data-wp-effect=\"effects.core.image.setButtonStyles\" data-wp-init=\"effects.core.image.initOriginImage\" data-wp-on--click=\"actions.core.image.showLightbox\" data-wp-on--load=\"actions.core.image.handleLoad\" src=\"https:\/\/vloo.me\/wp-content\/uploads\/2023\/11\/Kindle-Cover-FINAL-KDP-SMALL-Cover-Deep-Fake-1600-x-2560-px-2-188x300.jpg\" alt=\"\" class=\"wp-image-1058\" srcset=\"https:\/\/vloo.me\/wp-content\/uploads\/2023\/11\/Kindle-Cover-FINAL-KDP-SMALL-Cover-Deep-Fake-1600-x-2560-px-2-188x300.jpg 188w, https:\/\/vloo.me\/wp-content\/uploads\/2023\/11\/Kindle-Cover-FINAL-KDP-SMALL-Cover-Deep-Fake-1600-x-2560-px-2-640x1024.jpg 640w, https:\/\/vloo.me\/wp-content\/uploads\/2023\/11\/Kindle-Cover-FINAL-KDP-SMALL-Cover-Deep-Fake-1600-x-2560-px-2-768x1229.jpg 768w, https:\/\/vloo.me\/wp-content\/uploads\/2023\/11\/Kindle-Cover-FINAL-KDP-SMALL-Cover-Deep-Fake-1600-x-2560-px-2-960x1536.jpg 960w, https:\/\/vloo.me\/wp-content\/uploads\/2023\/11\/Kindle-Cover-FINAL-KDP-SMALL-Cover-Deep-Fake-1600-x-2560-px-2-1280x2048.jpg 1280w, https:\/\/vloo.me\/wp-content\/uploads\/2023\/11\/Kindle-Cover-FINAL-KDP-SMALL-Cover-Deep-Fake-1600-x-2560-px-2.jpg 1600w\" sizes=\"(max-width: 188px) 100vw, 188px\" \/><button\n\t\t\tclass=\"lightbox-trigger\"\n\t\t\ttype=\"button\"\n\t\t\taria-haspopup=\"dialog\"\n\t\t\taria-label=\"Bild vergr\u00f6\u00dfern\"\n\t\t\tdata-wp-on--click=\"actions.core.image.showLightbox\"\n\t\t\tdata-wp-style--right=\"context.core.image.imageButtonRight\"\n\t\t\tdata-wp-style--top=\"context.core.image.imageButtonTop\"\n\t\t>\n\t\t\t<svg xmlns=\"http:\/\/www.w3.org\/2000\/svg\" width=\"12\" height=\"12\" fill=\"none\" viewBox=\"0 0 12 12\">\n\t\t\t\t<path fill=\"#fff\" d=\"M2 0a2 2 0 0 0-2 2v2h1.5V2a.5.5 0 0 1 .5-.5h2V0H2Zm2 10.5H2a.5.5 0 0 1-.5-.5V8H0v2a2 2 0 0 0 2 2h2v-1.5ZM8 12v-1.5h2a.5.5 0 0 0 .5-.5V8H12v2a2 2 0 0 1-2 2H8Zm2-12a2 2 0 0 1 2 2v2h-1.5V2a.5.5 0 0 0-.5-.5H8V0h2Z\" \/>\n\t\t\t<\/svg>\n\t\t<\/button>        <div data-wp-body=\"\" class=\"wp-lightbox-overlay zoom\"\n            data-wp-bind--role=\"selectors.core.image.roleAttribute\"\n            data-wp-bind--aria-label=\"selectors.core.image.dialogLabel\"\n            data-wp-class--initialized=\"context.core.image.initialized\"\n            data-wp-class--active=\"context.core.image.lightboxEnabled\"\n            data-wp-class--hideAnimationEnabled=\"context.core.image.hideAnimationEnabled\"\n            data-wp-bind--aria-modal=\"selectors.core.image.ariaModal\"\n            data-wp-effect=\"effects.core.image.initLightbox\"\n            data-wp-on--keydown=\"actions.core.image.handleKeydown\"\n            data-wp-on--touchstart=\"actions.core.image.handleTouchStart\"\n            data-wp-on--touchmove=\"actions.core.image.handleTouchMove\"\n            data-wp-on--touchend=\"actions.core.image.handleTouchEnd\"\n            data-wp-on--click=\"actions.core.image.hideLightbox\"\n            tabindex=\"-1\"\n            >\n                <button type=\"button\" aria-label=\"Schlie\u00dfen\" style=\"fill: var(--wp--preset--color--contrast)\" class=\"close-button\" data-wp-on--click=\"actions.core.image.hideLightbox\">\n                    <svg xmlns=\"http:\/\/www.w3.org\/2000\/svg\" viewBox=\"0 0 24 24\" width=\"20\" height=\"20\" aria-hidden=\"true\" focusable=\"false\"><path d=\"M13 11.8l6.1-6.3-1-1-6.1 6.2-6.1-6.2-1 1 6.1 6.3-6.5 6.7 1 1 6.5-6.6 6.5 6.6 1-1z\"><\/path><\/svg>\n                <\/button>\n                <div class=\"lightbox-image-container\">\n<figure class=\"wp-block-image aligncenter size-medium is-style-default responsive-image\"><img decoding=\"async\" data-wp-bind--src=\"context.core.image.imageCurrentSrc\" data-wp-style--object-fit=\"selectors.core.image.lightboxObjectFit\" src=\"\" alt=\"\" class=\"wp-image-1058\"\/><\/figure>\n<\/div>\n                <div class=\"lightbox-image-container\">\n<figure class=\"wp-block-image aligncenter size-medium is-style-default enlarged-image\"><img decoding=\"async\" data-wp-bind--src=\"selectors.core.image.enlargedImgSrc\" data-wp-style--object-fit=\"selectors.core.image.lightboxObjectFit\" src=\"\" alt=\"\" class=\"wp-image-1058\"\/><\/figure>\n<\/div>\n                <div class=\"scrim\" style=\"background-color: var(--wp--preset--color--base)\" aria-hidden=\"true\"><\/div>\n        <\/div><\/figure>\n<\/div>\n<\/div>\n\n\n\n<div class=\"wp-block-uagb-container uagb-block-aac0fba1 alignfull uagb-is-root-container\"><div class=\"uagb-container-inner-blocks-wrap\"><\/div><\/div>\n","protected":false},"excerpt":{"rendered":"","protected":false},"author":1,"featured_media":0,"parent":0,"menu_order":0,"comment_status":"closed","ping_status":"closed","template":"","meta":{"om_disable_all_campaigns":false,"_monsterinsights_skip_tracking":false,"_monsterinsights_sitenote_active":false,"_monsterinsights_sitenote_note":"","_monsterinsights_sitenote_category":0,"footnotes":""},"aioseo_notices":[],"uagb_featured_image_src":{"full":false,"thumbnail":false,"medium":false,"medium_large":false,"large":false,"1536x1536":false,"2048x2048":false},"uagb_author_info":{"display_name":"florian.ott@gmail.com","author_link":"https:\/\/vloo.me\/?author=1"},"uagb_comment_info":0,"uagb_excerpt":null,"_links":{"self":[{"href":"https:\/\/vloo.me\/index.php?rest_route=\/wp\/v2\/pages\/1060"}],"collection":[{"href":"https:\/\/vloo.me\/index.php?rest_route=\/wp\/v2\/pages"}],"about":[{"href":"https:\/\/vloo.me\/index.php?rest_route=\/wp\/v2\/types\/page"}],"author":[{"embeddable":true,"href":"https:\/\/vloo.me\/index.php?rest_route=\/wp\/v2\/users\/1"}],"replies":[{"embeddable":true,"href":"https:\/\/vloo.me\/index.php?rest_route=%2Fwp%2Fv2%2Fcomments&post=1060"}],"version-history":[{"count":19,"href":"https:\/\/vloo.me\/index.php?rest_route=\/wp\/v2\/pages\/1060\/revisions"}],"predecessor-version":[{"id":1131,"href":"https:\/\/vloo.me\/index.php?rest_route=\/wp\/v2\/pages\/1060\/revisions\/1131"}],"wp:attachment":[{"href":"https:\/\/vloo.me\/index.php?rest_route=%2Fwp%2Fv2%2Fmedia&parent=1060"}],"curies":[{"name":"wp","href":"https:\/\/api.w.org\/{rel}","templated":true}]}}